{"id":14,"date":"2015-06-12T23:01:56","date_gmt":"2015-06-12T21:01:56","guid":{"rendered":"https:\/\/kreativkiste.tomkatweb.org\/?page_id=14"},"modified":"2015-06-12T23:01:56","modified_gmt":"2015-06-12T21:01:56","slug":"facebook","status":"publish","type":"page","link":"https:\/\/kreativkiste.tomkatweb.org\/?page_id=14","title":{"rendered":"Links"},"content":{"rendered":"<p class=\"paragraph_style\" style=\"text-align: center;\"><strong>kreative Upcycling Produkte einer Freundin:<\/strong><\/p>\n<p class=\"paragraph_style\" style=\"text-align: center;\"><a title=\"http:\/\/www.cartilo.de\" href=\"http:\/\/www.cartilo.de\/\">www.cartilo.de<\/a><\/p>\n<p class=\"paragraph_style\" style=\"text-align: center;\"><strong>gemeinn\u00fctziger Tierverein, der sich vor allem um Stra\u00dfentiere aus dem Ausland k\u00fcmmert<\/strong><\/p>\n<p class=\"paragraph_style\" style=\"text-align: center;\"><a title=\"http:\/\/www.tierisch-happy.de\" href=\"http:\/\/www.tierisch-happy.de\/\">http:\/\/www.tierisch-happy.de<\/a><\/p>\n<p class=\"paragraph_style\" style=\"text-align: center;\"><strong>der Techblog meines Mannes: f\u00fcr alle Geeks, Nerds und alle, die es noch werden wollen \ud83d\ude09<\/strong><\/p>\n<p class=\"paragraph_style\" style=\"text-align: center;\"><a title=\"http:\/\/maybeageek.wordpress.com\" href=\"http:\/\/maybeageek.wordpress.com\/\">http:\/\/maybeageek.wordpress.com<\/a><\/p>\n<p class=\"paragraph_style\" style=\"text-align: center;\"><strong>ganz viele tolle Videoanleitungen zum N\u00e4hen gibts hier:<\/strong><\/p>\n<p class=\"paragraph_style\" style=\"text-align: center;\"><a title=\"https:\/\/www.youtube.com\/user\/HausmitdemRosensofa?spfreload=10\" href=\"https:\/\/www.youtube.com\/user\/HausmitdemRosensofa?spfreload=10\">https:\/\/www.youtube.com\/user\/HausmitdemRosensofa?spfreload=10<\/a><\/p>\n<p class=\"paragraph_style\" style=\"text-align: center;\"><strong>Abenteuer mit Kindern in Deutschland erleben? Hier gibts ein paar coole Ideen:<\/strong><\/p>\n<p class=\"paragraph_style\" style=\"text-align: center;\"><a href=\"https:\/\/www.youtube.com\/channel\/UCyJQn3BQlcT9_N_8-qfODyA\">https:\/\/www.youtube.com\/channel\/UCyJQn3BQlcT9_N_8-qfODyA<\/a><\/p>\n<p class=\"paragraph_style_2\" style=\"text-align: center;\">Mit dem Urteil vom 12. Mai 1998 hat das Landgericht Hamburg entschieden, dass man durch die Anbringung eines Links die Inhalte der gelinkten Seiten ggf. mit zu verantworten hat. Dies kann nur dadurch verhindert werden, dass man sich ausdr\u00fccklich von diesem Inhalt distanziert.<span class=\"style\"><br \/>\n<\/span><\/p>\n<p class=\"paragraph_style_2\" style=\"text-align: center;\">F\u00fcr alle Links auf dieser Homepage gilt: Ich distanziere mich hiermit ausdr\u00fccklich von allen Inhalten aller verlinkten Seitenadressen auf meiner Homepage und mache mir diese Inhalte nicht zu eigen.<\/p>\n","protected":false},"excerpt":{"rendered":"<p>kreative Upcycling Produkte einer Freundin: www.cartilo.de gemeinn\u00fctziger Tierverein, der sich vor allem um Stra\u00dfentiere aus dem Ausland k\u00fcmmert http:\/\/www.tierisch-happy.de der Techblog meines Mannes: f\u00fcr alle Geeks, Nerds und alle, die es noch werden wollen \ud83d\ude09 http:\/\/maybeageek.wordpress.com ganz viele tolle Videoanleitungen zum N\u00e4hen gibts hier: https:\/\/www.youtube.com\/user\/HausmitdemRosensofa?spfreload=10 &#8230;..<\/p>\n","protected":false},"author":2,"featured_media":0,"parent":0,"menu_order":4,"comment_status":"closed","ping_status":"closed","template":"","meta":{"footnotes":""},"class_list":["post-14","page","type-page","status-publish","hentry"],"_links":{"self":[{"href":"https:\/\/kreativkiste.tomkatweb.org\/index.php?rest_route=\/wp\/v2\/pages\/14","targetHints":{"allow":["GET"]}}],"collection":[{"href":"https:\/\/kreativkiste.tomkatweb.org\/index.php?rest_route=\/wp\/v2\/pages"}],"about":[{"href":"https:\/\/kreativkiste.tomkatweb.org\/index.php?rest_route=\/wp\/v2\/types\/page"}],"author":[{"embeddable":true,"href":"https:\/\/kreativkiste.tomkatweb.org\/index.php?rest_route=\/wp\/v2\/users\/2"}],"replies":[{"embeddable":true,"href":"https:\/\/kreativkiste.tomkatweb.org\/index.php?rest_route=%2Fwp%2Fv2%2Fcomments&post=14"}],"version-history":[{"count":0,"href":"https:\/\/kreativkiste.tomkatweb.org\/index.php?rest_route=\/wp\/v2\/pages\/14\/revisions"}],"wp:attachment":[{"href":"https:\/\/kreativkiste.tomkatweb.org\/index.php?rest_route=%2Fwp%2Fv2%2Fmedia&parent=14"}],"curies":[{"name":"wp","href":"https:\/\/api.w.org\/{rel}","templated":true}]}}