{"id":27,"date":"2015-06-15T18:38:38","date_gmt":"2015-06-15T16:38:38","guid":{"rendered":"https:\/\/kreativkiste.tomkatweb.org\/?page_id=27"},"modified":"2015-06-15T18:38:38","modified_gmt":"2015-06-15T16:38:38","slug":"schnittmuster-und-e-books","status":"publish","type":"page","link":"https:\/\/kreativkiste.tomkatweb.org\/?page_id=27","title":{"rendered":"Schnittmuster und E-Books"},"content":{"rendered":"<p style=\"text-align: center;\">\n<p style=\"text-align: center;\">!NEU!&nbsp;<a href=\"http:\/\/144.24.179.234\/wp-content\/uploads\/2015\/06\/Anleitung-fur-Hakelbooties-Gr.-21.pdf\">Anleitung f\u00fcr H\u00e4kelbooties Gr. 21<\/a><\/p>\n<p style=\"text-align: center;\"><a href=\"https:\/\/kreativkiste.tomkatweb.org\/wp-content\/uploads\/2015\/06\/IMG_02871-e1444078397521.jpg\"><img loading=\"lazy\" decoding=\"async\" class=\"alignnone size-medium wp-image-525\" src=\"https:\/\/kreativkiste.tomkatweb.org\/wp-content\/uploads\/2015\/06\/IMG_02871-e1444078397521-300x224.jpg\" alt=\"IMG_0287\" width=\"300\" height=\"224\"><\/a><\/p>\n<p style=\"text-align: center;\"><a href=\"http:\/\/144.24.179.234\/wp-content\/uploads\/2015\/06\/Schnittmuster-Schulterwarmer.pdf\">Schnittmuster Schulterw\u00e4rmer<\/a><a href=\"http:\/\/144.24.179.234\/wp-content\/uploads\/2015\/06\/IMG_1720.jpg\">&nbsp;Ebook:&nbsp;<\/a><a href=\"http:\/\/144.24.179.234\/wp-content\/uploads\/2015\/06\/Schulterwarmer-mit-oder-ohne-Halsteil.pdf\">Schulterw\u00e4rmer mit oder ohne Halsteil<\/a><\/p>\n<p><a href=\"http:\/\/144.24.179.234\/wp-content\/uploads\/2015\/06\/IMG_1720.jpg\"><img loading=\"lazy\" decoding=\"async\" class=\"size-medium wp-image-34 alignnone aligncenter\" src=\"http:\/\/144.24.179.234\/wp-content\/uploads\/2015\/06\/IMG_1720-300x225.jpg\" alt=\"IMG_1720\" width=\"300\" height=\"225\" srcset=\"https:\/\/kreativkiste.tomkatweb.org\/wp-content\/uploads\/2015\/06\/IMG_1720-300x225.jpg 300w, https:\/\/kreativkiste.tomkatweb.org\/wp-content\/uploads\/2015\/06\/IMG_1720-1024x768.jpg 1024w, https:\/\/kreativkiste.tomkatweb.org\/wp-content\/uploads\/2015\/06\/IMG_1720-768x576.jpg 768w, https:\/\/kreativkiste.tomkatweb.org\/wp-content\/uploads\/2015\/06\/IMG_1720-1536x1152.jpg 1536w, https:\/\/kreativkiste.tomkatweb.org\/wp-content\/uploads\/2015\/06\/IMG_1720-2048x1536.jpg 2048w\" sizes=\"auto, (max-width: 300px) 100vw, 300px\" \/><img loading=\"lazy\" decoding=\"async\" class=\"size-medium wp-image-29 alignnone aligncenter\" src=\"http:\/\/144.24.179.234\/wp-content\/uploads\/2015\/06\/IMG_1728-225x300.jpg\" alt=\"IMG_1728\" width=\"225\" height=\"300\" srcset=\"https:\/\/kreativkiste.tomkatweb.org\/wp-content\/uploads\/2015\/06\/IMG_1728-225x300.jpg 225w, https:\/\/kreativkiste.tomkatweb.org\/wp-content\/uploads\/2015\/06\/IMG_1728-768x1024.jpg 768w, https:\/\/kreativkiste.tomkatweb.org\/wp-content\/uploads\/2015\/06\/IMG_1728-1152x1536.jpg 1152w, https:\/\/kreativkiste.tomkatweb.org\/wp-content\/uploads\/2015\/06\/IMG_1728-1536x2048.jpg 1536w, https:\/\/kreativkiste.tomkatweb.org\/wp-content\/uploads\/2015\/06\/IMG_1728-scaled.jpg 1920w\" sizes=\"auto, (max-width: 225px) 100vw, 225px\" \/><\/a><\/p>\n","protected":false},"excerpt":{"rendered":"<p>!NEU!&nbsp;Anleitung f\u00fcr H\u00e4kelbooties Gr. 21 Schnittmuster Schulterw\u00e4rmer&nbsp;Ebook:&nbsp;Schulterw\u00e4rmer mit oder ohne Halsteil<\/p>\n","protected":false},"author":2,"featured_media":0,"parent":0,"menu_order":2,"comment_status":"closed","ping_status":"closed","template":"","meta":{"footnotes":""},"class_list":["post-27","page","type-page","status-publish","hentry"],"_links":{"self":[{"href":"https:\/\/kreativkiste.tomkatweb.org\/index.php?rest_route=\/wp\/v2\/pages\/27","targetHints":{"allow":["GET"]}}],"collection":[{"href":"https:\/\/kreativkiste.tomkatweb.org\/index.php?rest_route=\/wp\/v2\/pages"}],"about":[{"href":"https:\/\/kreativkiste.tomkatweb.org\/index.php?rest_route=\/wp\/v2\/types\/page"}],"author":[{"embeddable":true,"href":"https:\/\/kreativkiste.tomkatweb.org\/index.php?rest_route=\/wp\/v2\/users\/2"}],"replies":[{"embeddable":true,"href":"https:\/\/kreativkiste.tomkatweb.org\/index.php?rest_route=%2Fwp%2Fv2%2Fcomments&post=27"}],"version-history":[{"count":0,"href":"https:\/\/kreativkiste.tomkatweb.org\/index.php?rest_route=\/wp\/v2\/pages\/27\/revisions"}],"wp:attachment":[{"href":"https:\/\/kreativkiste.tomkatweb.org\/index.php?rest_route=%2Fwp%2Fv2%2Fmedia&parent=27"}],"curies":[{"name":"wp","href":"https:\/\/api.w.org\/{rel}","templated":true}]}}