{"id":783,"date":"2017-11-27T23:01:48","date_gmt":"2017-11-27T22:01:48","guid":{"rendered":"https:\/\/kreativkiste.tomkatweb.org\/?page_id=783"},"modified":"2017-11-27T23:01:48","modified_gmt":"2017-11-27T22:01:48","slug":"preiskalkulierung-windeltorten","status":"publish","type":"page","link":"https:\/\/kreativkiste.tomkatweb.org\/?page_id=783","title":{"rendered":"Preiskalkulierung Windeltorten"},"content":{"rendered":"<p>Jede Windeltorte, die ich anfertige, ist ein Unikat. In sorgf\u00e4ltiger Arbeit w\u00e4hle ich die ben\u00f6tigten Materialien aus, die je nach Torte und Kundenwunsch auch variieren k\u00f6nnen, z.B. bei Themen-Torten, oder besonders ausgefallenen Modellen.<\/p>\n<p>F\u00fcr die Zeit der Entwicklung von der Idee, \u00fcber Einkauf und Verarbeitung bis hin zum fertigen Produkt m\u00f6chte ich eine faire Entlohnung.\u00a0Preise zu gestalten ist immer m\u00fchsam und man muss auch erstmal ein Gef\u00fchl entwickeln, wof\u00fcr man wieviel Zeit ben\u00f6tigt.<\/p>\n<p>Nach langer Arbeit ist nun eine \u00dcbersicht zur Preisermittlung entstanden, die ich hier nun auflisten werde.<\/p>\n<p>Jede Torte, die bei mir bestellt wird, setzt sich aus einem Festpreis zusammen, der vom Kunden bestimmt wird. In diesem Festpreis sind die Material-, die Verarbeitungs- und Verpackungskosten mit enthalten. Anbei einige Beispiele:<\/p>\n<p><strong>Beispiel 1: eine Windeltorte S mit 50\u20ac Gesamtpreis\u00a0beinhaltet:<\/strong><\/p>\n<ul>\n<li>2-2,5h Produktionsaufwand (Bestellung, Einkauf, Produktentwicklung, Verpackung)<\/li>\n<li>Warenwert mind. 40\u20ac<\/li>\n<li>inkl. Verarbeitung und Verpackung (20%): 10 \u20ac<\/li>\n<li>5\u20ac Bonus bei Fr\u00fchbestellung (Warenwert erh\u00f6ht sich um 5\u20ac)<\/li>\n<li>5\u20ac Aufpreis bei Expressbestellung<\/li>\n<\/ul>\n<p><strong>Beispiel 2: Windeltorte M f\u00fcr 70\u20ac Gesamtpreis\u00a0beinhaltet:<\/strong><\/p>\n<ul>\n<li>2,5-3h Produktionsaufwand (Bestellung, Einkauf, Produktentwicklung, Verpackung)<\/li>\n<li>Warenwert mind. 56\u20ac<\/li>\n<li>inkl. Verarbeitung und Verpackung (20%): 14 \u20ac<\/li>\n<li>5\u20ac Bonus bei Fr\u00fchbestellung (Warenwert erh\u00f6ht sich um 5\u20ac)<\/li>\n<li>5\u20ac Aufpreis bei Expressbestellung<\/li>\n<\/ul>\n<p><b>Beispiel 3: Windeltorte L Kinderwagen f\u00fcr 100\u20ac Gesamtpreis\u00a0<\/b><span style=\"font-weight: 600;\">beinhaltet<\/span><b>:<\/b><\/p>\n<ul>\n<li>3,5h Produktionsaufwand (Bestellung, Einkauf, Produktentwicklung, Verpackung)<\/li>\n<li>Warenwert mind. 75\u20ac<\/li>\n<li>inkl. Verarbeitung und Verpackung (20%): 20\u20ac<\/li>\n<li>5\u20ac Bonus bei Fr\u00fchbestellung (Warenwert erh\u00f6ht sich um 5\u20ac)<\/li>\n<li>5\u20ac Aufpreis bei Expressbestellung<\/li>\n<\/ul>\n<p><b>Beispiel 4: Windeltorte Sondermodell \u201eFeuerwerhrauto&#8220; f\u00fcr 100\u20ac Gesamtpreis\u00a0<\/b><span style=\"font-weight: 600;\">beinhaltet<\/span><b>:<\/b><\/p>\n<ul>\n<li>5h Produktionsaufwand (Bestellung, Einkauf, Produktentwicklung, Verpackung)<\/li>\n<li>Warenwert mind. 62,50\u20ac<\/li>\n<li>inkl. Verarbeitung und Verpackung (20%): 25\u20ac (inkl. Sondermodellzuschlag)<\/li>\n<li>5\u20ac Bonus bei Fr\u00fchbestellung (Warenwert erh\u00f6ht sich um 5\u20ac)<\/li>\n<li>5\u20ac Aufpreis bei Expressbestellung<\/li>\n<\/ul>\n<p style=\"text-align: right;\"><a href=\"http:\/\/144.24.179.234\/wp-content\/uploads\/2019\/04\/Preisermittlung2.0-1.png\"><img loading=\"lazy\" decoding=\"async\" class=\"alignnone wp-image-819 size-full\" src=\"http:\/\/144.24.179.234\/wp-content\/uploads\/2019\/04\/Preisermittlung2.0-1.png\" alt=\"\" width=\"1239\" height=\"1754\" srcset=\"https:\/\/kreativkiste.tomkatweb.org\/wp-content\/uploads\/2019\/04\/Preisermittlung2.0-1.png 1239w, https:\/\/kreativkiste.tomkatweb.org\/wp-content\/uploads\/2019\/04\/Preisermittlung2.0-1-212x300.png 212w, https:\/\/kreativkiste.tomkatweb.org\/wp-content\/uploads\/2019\/04\/Preisermittlung2.0-1-723x1024.png 723w, https:\/\/kreativkiste.tomkatweb.org\/wp-content\/uploads\/2019\/04\/Preisermittlung2.0-1-768x1087.png 768w, https:\/\/kreativkiste.tomkatweb.org\/wp-content\/uploads\/2019\/04\/Preisermittlung2.0-1-1085x1536.png 1085w\" sizes=\"auto, (max-width: 1239px) 100vw, 1239px\" \/><\/a>Stand: April.2019<\/p>\n","protected":false},"excerpt":{"rendered":"<p>Jede Windeltorte, die ich anfertige, ist ein Unikat. In sorgf\u00e4ltiger Arbeit w\u00e4hle ich die ben\u00f6tigten Materialien aus, die je nach Torte und Kundenwunsch auch variieren k\u00f6nnen, z.B. bei Themen-Torten, oder besonders ausgefallenen Modellen. F\u00fcr die Zeit der Entwicklung von der Idee, \u00fcber Einkauf und Verarbeitung &#8230;..<\/p>\n","protected":false},"author":2,"featured_media":0,"parent":787,"menu_order":0,"comment_status":"closed","ping_status":"closed","template":"","meta":{"footnotes":""},"class_list":["post-783","page","type-page","status-publish","hentry"],"_links":{"self":[{"href":"https:\/\/kreativkiste.tomkatweb.org\/index.php?rest_route=\/wp\/v2\/pages\/783","targetHints":{"allow":["GET"]}}],"collection":[{"href":"https:\/\/kreativkiste.tomkatweb.org\/index.php?rest_route=\/wp\/v2\/pages"}],"about":[{"href":"https:\/\/kreativkiste.tomkatweb.org\/index.php?rest_route=\/wp\/v2\/types\/page"}],"author":[{"embeddable":true,"href":"https:\/\/kreativkiste.tomkatweb.org\/index.php?rest_route=\/wp\/v2\/users\/2"}],"replies":[{"embeddable":true,"href":"https:\/\/kreativkiste.tomkatweb.org\/index.php?rest_route=%2Fwp%2Fv2%2Fcomments&post=783"}],"version-history":[{"count":0,"href":"https:\/\/kreativkiste.tomkatweb.org\/index.php?rest_route=\/wp\/v2\/pages\/783\/revisions"}],"up":[{"embeddable":true,"href":"https:\/\/kreativkiste.tomkatweb.org\/index.php?rest_route=\/wp\/v2\/pages\/787"}],"wp:attachment":[{"href":"https:\/\/kreativkiste.tomkatweb.org\/index.php?rest_route=%2Fwp%2Fv2%2Fmedia&parent=783"}],"curies":[{"name":"wp","href":"https:\/\/api.w.org\/{rel}","templated":true}]}}