{"id":88,"date":"2015-06-15T19:21:26","date_gmt":"2015-06-15T17:21:26","guid":{"rendered":"https:\/\/kreativkiste.tomkatweb.org\/?page_id=88"},"modified":"2015-06-15T19:21:26","modified_gmt":"2015-06-15T17:21:26","slug":"senioren-windeltorten","status":"publish","type":"page","link":"https:\/\/kreativkiste.tomkatweb.org\/?page_id=88","title":{"rendered":"Senioren Windeltorten"},"content":{"rendered":"<p style=\"text-align: center;\">Klingt ein bisschen makaber, aber ich wurde tats\u00e4chlich gebeten eine Windeltorte f\u00fcr einen Senior zu machen, so als Scherz sollte dass nat\u00fcrlich dienen&#8230;, die Zweite war dann f\u00fcr meinen Onkel zum 50. \ud83d\ude42<\/p>\n<p style=\"text-align: center;\">die 1.&nbsp;Seniorentorte:<\/p>\n<p style=\"text-align: center;\"><a href=\"http:\/\/144.24.179.234\/wp-content\/uploads\/2015\/06\/IMG_1621.jpg\"><img loading=\"lazy\" decoding=\"async\" class=\"alignnone size-medium wp-image-89\" src=\"http:\/\/144.24.179.234\/wp-content\/uploads\/2015\/06\/IMG_1621-225x300.jpg\" alt=\"IMG_1621\" width=\"225\" height=\"300\" srcset=\"https:\/\/kreativkiste.tomkatweb.org\/wp-content\/uploads\/2015\/06\/IMG_1621-225x300.jpg 225w, https:\/\/kreativkiste.tomkatweb.org\/wp-content\/uploads\/2015\/06\/IMG_1621-768x1024.jpg 768w, https:\/\/kreativkiste.tomkatweb.org\/wp-content\/uploads\/2015\/06\/IMG_1621-1152x1536.jpg 1152w, https:\/\/kreativkiste.tomkatweb.org\/wp-content\/uploads\/2015\/06\/IMG_1621-1536x2048.jpg 1536w, https:\/\/kreativkiste.tomkatweb.org\/wp-content\/uploads\/2015\/06\/IMG_1621-scaled.jpg 1920w\" sizes=\"auto, (max-width: 225px) 100vw, 225px\" \/><\/a> <a href=\"http:\/\/144.24.179.234\/wp-content\/uploads\/2015\/06\/IMG_1622.jpg\"><img loading=\"lazy\" decoding=\"async\" class=\"alignnone size-medium wp-image-90\" src=\"http:\/\/144.24.179.234\/wp-content\/uploads\/2015\/06\/IMG_1622-225x300.jpg\" alt=\"IMG_1622\" width=\"225\" height=\"300\" srcset=\"https:\/\/kreativkiste.tomkatweb.org\/wp-content\/uploads\/2015\/06\/IMG_1622-225x300.jpg 225w, https:\/\/kreativkiste.tomkatweb.org\/wp-content\/uploads\/2015\/06\/IMG_1622-768x1024.jpg 768w, https:\/\/kreativkiste.tomkatweb.org\/wp-content\/uploads\/2015\/06\/IMG_1622-1152x1536.jpg 1152w, https:\/\/kreativkiste.tomkatweb.org\/wp-content\/uploads\/2015\/06\/IMG_1622-1536x2048.jpg 1536w, https:\/\/kreativkiste.tomkatweb.org\/wp-content\/uploads\/2015\/06\/IMG_1622-scaled.jpg 1920w\" sizes=\"auto, (max-width: 225px) 100vw, 225px\" \/><\/a> <a href=\"http:\/\/144.24.179.234\/wp-content\/uploads\/2015\/06\/IMG_1623.jpg\"><img loading=\"lazy\" decoding=\"async\" class=\"alignnone size-medium wp-image-91\" src=\"http:\/\/144.24.179.234\/wp-content\/uploads\/2015\/06\/IMG_1623-225x300.jpg\" alt=\"IMG_1623\" width=\"225\" height=\"300\" srcset=\"https:\/\/kreativkiste.tomkatweb.org\/wp-content\/uploads\/2015\/06\/IMG_1623-225x300.jpg 225w, https:\/\/kreativkiste.tomkatweb.org\/wp-content\/uploads\/2015\/06\/IMG_1623-768x1024.jpg 768w, https:\/\/kreativkiste.tomkatweb.org\/wp-content\/uploads\/2015\/06\/IMG_1623-1152x1536.jpg 1152w, https:\/\/kreativkiste.tomkatweb.org\/wp-content\/uploads\/2015\/06\/IMG_1623-1536x2048.jpg 1536w, https:\/\/kreativkiste.tomkatweb.org\/wp-content\/uploads\/2015\/06\/IMG_1623-scaled.jpg 1920w\" sizes=\"auto, (max-width: 225px) 100vw, 225px\" \/><\/a><\/p>\n<p style=\"text-align: center;\">Seniorentorte Nr.2:<a href=\"http:\/\/144.24.179.234\/wp-content\/uploads\/2015\/06\/IMG_1709.jpg\" rel=\"attachment wp-att-93\"><br \/>\n<\/a><a href=\"http:\/\/144.24.179.234\/wp-content\/uploads\/2015\/06\/IMG_1710.jpg\" rel=\"attachment wp-att-94\"><br \/>\n<\/a><a href=\"http:\/\/144.24.179.234\/wp-content\/uploads\/2015\/06\/IMG_1710.jpg\" rel=\"attachment wp-att-94\"><img loading=\"lazy\" decoding=\"async\" class=\"alignnone size-medium wp-image-94\" src=\"http:\/\/144.24.179.234\/wp-content\/uploads\/2015\/06\/IMG_1710-225x300.jpg\" alt=\"IMG_1710\" width=\"225\" height=\"300\" srcset=\"https:\/\/kreativkiste.tomkatweb.org\/wp-content\/uploads\/2015\/06\/IMG_1710-225x300.jpg 225w, https:\/\/kreativkiste.tomkatweb.org\/wp-content\/uploads\/2015\/06\/IMG_1710-768x1024.jpg 768w, https:\/\/kreativkiste.tomkatweb.org\/wp-content\/uploads\/2015\/06\/IMG_1710-1152x1536.jpg 1152w, https:\/\/kreativkiste.tomkatweb.org\/wp-content\/uploads\/2015\/06\/IMG_1710-1536x2048.jpg 1536w, https:\/\/kreativkiste.tomkatweb.org\/wp-content\/uploads\/2015\/06\/IMG_1710-scaled.jpg 1920w\" sizes=\"auto, (max-width: 225px) 100vw, 225px\" \/><\/a><a href=\"http:\/\/144.24.179.234\/wp-content\/uploads\/2015\/06\/IMG_1710.jpg\" rel=\"attachment wp-att-94\">&nbsp;<\/a><a href=\"http:\/\/144.24.179.234\/wp-content\/uploads\/2015\/06\/IMG_1709.jpg\" rel=\"attachment wp-att-93\"><img loading=\"lazy\" decoding=\"async\" class=\"size-medium wp-image-93 alignnone\" src=\"http:\/\/144.24.179.234\/wp-content\/uploads\/2015\/06\/IMG_1709-225x300.jpg\" alt=\"IMG_1709\" width=\"225\" height=\"300\" srcset=\"https:\/\/kreativkiste.tomkatweb.org\/wp-content\/uploads\/2015\/06\/IMG_1709-225x300.jpg 225w, https:\/\/kreativkiste.tomkatweb.org\/wp-content\/uploads\/2015\/06\/IMG_1709-768x1024.jpg 768w, https:\/\/kreativkiste.tomkatweb.org\/wp-content\/uploads\/2015\/06\/IMG_1709-1152x1536.jpg 1152w, https:\/\/kreativkiste.tomkatweb.org\/wp-content\/uploads\/2015\/06\/IMG_1709-1536x2048.jpg 1536w, https:\/\/kreativkiste.tomkatweb.org\/wp-content\/uploads\/2015\/06\/IMG_1709-scaled.jpg 1920w\" sizes=\"auto, (max-width: 225px) 100vw, 225px\" \/><\/a><a href=\"http:\/\/144.24.179.234\/wp-content\/uploads\/2015\/06\/IMG_1710.jpg\" rel=\"attachment wp-att-94\">&nbsp;<\/a><a href=\"http:\/\/144.24.179.234\/wp-content\/uploads\/2015\/06\/IMG_1708.jpg\" rel=\"attachment wp-att-92\"><img loading=\"lazy\" decoding=\"async\" class=\"alignnone size-medium wp-image-92\" src=\"http:\/\/144.24.179.234\/wp-content\/uploads\/2015\/06\/IMG_1708-225x300.jpg\" alt=\"IMG_1708\" width=\"225\" height=\"300\" srcset=\"https:\/\/kreativkiste.tomkatweb.org\/wp-content\/uploads\/2015\/06\/IMG_1708-225x300.jpg 225w, https:\/\/kreativkiste.tomkatweb.org\/wp-content\/uploads\/2015\/06\/IMG_1708-768x1024.jpg 768w, https:\/\/kreativkiste.tomkatweb.org\/wp-content\/uploads\/2015\/06\/IMG_1708-1152x1536.jpg 1152w, https:\/\/kreativkiste.tomkatweb.org\/wp-content\/uploads\/2015\/06\/IMG_1708-1536x2048.jpg 1536w, https:\/\/kreativkiste.tomkatweb.org\/wp-content\/uploads\/2015\/06\/IMG_1708-scaled.jpg 1920w\" sizes=\"auto, (max-width: 225px) 100vw, 225px\" \/><\/a><\/p>\n<p><a href=\"http:\/\/144.24.179.234\/wp-content\/uploads\/2015\/06\/IMG_1709.jpg\"><br \/>\n<\/a><\/p>\n","protected":false},"excerpt":{"rendered":"<p>Klingt ein bisschen makaber, aber ich wurde tats\u00e4chlich gebeten eine Windeltorte f\u00fcr einen Senior zu machen, so als Scherz sollte dass nat\u00fcrlich dienen&#8230;, die Zweite war dann f\u00fcr meinen Onkel zum 50. \ud83d\ude42 die 1.&nbsp;Seniorentorte: Seniorentorte Nr.2: &nbsp;&nbsp;<\/p>\n","protected":false},"author":2,"featured_media":0,"parent":96,"menu_order":0,"comment_status":"closed","ping_status":"open","template":"","meta":{"footnotes":""},"class_list":["post-88","page","type-page","status-publish","hentry"],"_links":{"self":[{"href":"https:\/\/kreativkiste.tomkatweb.org\/index.php?rest_route=\/wp\/v2\/pages\/88","targetHints":{"allow":["GET"]}}],"collection":[{"href":"https:\/\/kreativkiste.tomkatweb.org\/index.php?rest_route=\/wp\/v2\/pages"}],"about":[{"href":"https:\/\/kreativkiste.tomkatweb.org\/index.php?rest_route=\/wp\/v2\/types\/page"}],"author":[{"embeddable":true,"href":"https:\/\/kreativkiste.tomkatweb.org\/index.php?rest_route=\/wp\/v2\/users\/2"}],"replies":[{"embeddable":true,"href":"https:\/\/kreativkiste.tomkatweb.org\/index.php?rest_route=%2Fwp%2Fv2%2Fcomments&post=88"}],"version-history":[{"count":0,"href":"https:\/\/kreativkiste.tomkatweb.org\/index.php?rest_route=\/wp\/v2\/pages\/88\/revisions"}],"up":[{"embeddable":true,"href":"https:\/\/kreativkiste.tomkatweb.org\/index.php?rest_route=\/wp\/v2\/pages\/96"}],"wp:attachment":[{"href":"https:\/\/kreativkiste.tomkatweb.org\/index.php?rest_route=%2Fwp%2Fv2%2Fmedia&parent=88"}],"curies":[{"name":"wp","href":"https:\/\/api.w.org\/{rel}","templated":true}]}}